{"id":258,"date":"2025-03-24T17:19:37","date_gmt":"2025-03-24T17:19:37","guid":{"rendered":"https:\/\/rivulisdev.co.il\/sdi\/?page_id=258"},"modified":"2025-05-08T10:58:44","modified_gmt":"2025-05-08T10:58:44","slug":"analise-de-custos","status":"publish","type":"page","link":"https:\/\/pt.rivulis.com\/row-crops\/analise-de-custos\/","title":{"rendered":"An\u00e1lise de custos"},"content":{"rendered":"","protected":false},"excerpt":{"rendered":"","protected":false},"author":1,"featured_media":0,"parent":0,"menu_order":0,"comment_status":"closed","ping_status":"closed","template":"page-templates\/analysis.php","meta":{"_acf_changed":false,"footnotes":""},"class_list":["post-258","page","type-page","status-publish","hentry"],"acf":[],"yoast_head":"<!-- This site is optimized with the Yoast SEO plugin v25.5 - https:\/\/yoast.com\/wordpress\/plugins\/seo\/ -->\n<title>Irriga\u00e7\u00e3o por gotejamento vs. piv\u00f4 central: an\u00e1lise de custo e efici\u00eancia na produ\u00e7\u00e3o de milho<\/title>\n<meta name=\"description\" content=\"Compare os sistemas de irriga\u00e7\u00e3o por gotejamento e piv\u00f4 central na produ\u00e7\u00e3o de milho. Descubra economia de custos, maior produtividade, efici\u00eancia h\u00eddrica e benef\u00edcios de sustentabilidade com a irriga\u00e7\u00e3o por gotejamento em \u00c9vora, Portugal.\" \/>\n<meta name=\"robots\" content=\"index, follow, max-snippet:-1, max-image-preview:large, max-video-preview:-1\" \/>\n<link rel=\"canonical\" href=\"https:\/\/pt.rivulis.com\/row-crops\/analise-de-custos\/\" \/>\n<meta property=\"og:locale\" content=\"en_US\" \/>\n<meta property=\"og:type\" content=\"article\" \/>\n<meta property=\"og:title\" content=\"Irriga\u00e7\u00e3o por gotejamento vs. piv\u00f4 central: an\u00e1lise de custo e efici\u00eancia na produ\u00e7\u00e3o de milho\" \/>\n<meta property=\"og:description\" content=\"Compare os sistemas de irriga\u00e7\u00e3o por gotejamento e piv\u00f4 central na produ\u00e7\u00e3o de milho. Descubra economia de custos, maior produtividade, efici\u00eancia h\u00eddrica e benef\u00edcios de sustentabilidade com a irriga\u00e7\u00e3o por gotejamento em \u00c9vora, Portugal.\" \/>\n<meta property=\"og:url\" content=\"https:\/\/pt.rivulis.com\/row-crops\/analise-de-custos\/\" \/>\n<meta property=\"og:site_name\" content=\"rivulis\" \/>\n<meta property=\"article:modified_time\" content=\"2025-05-08T10:58:44+00:00\" \/>\n<meta name=\"twitter:card\" content=\"summary_large_image\" \/>\n<script type=\"application\/ld+json\" class=\"yoast-schema-graph\">{\"@context\":\"https:\/\/schema.org\",\"@graph\":[{\"@type\":\"WebPage\",\"@id\":\"https:\/\/pt.rivulis.com\/row-crops\/analise-de-custos\/\",\"url\":\"https:\/\/pt.rivulis.com\/row-crops\/analise-de-custos\/\",\"name\":\"Irriga\u00e7\u00e3o por gotejamento vs. piv\u00f4 central: an\u00e1lise de custo e efici\u00eancia na produ\u00e7\u00e3o de milho\",\"isPartOf\":{\"@id\":\"https:\/\/pt.rivulis.com\/row-crops\/#website\"},\"datePublished\":\"2025-03-24T17:19:37+00:00\",\"dateModified\":\"2025-05-08T10:58:44+00:00\",\"description\":\"Compare os sistemas de irriga\u00e7\u00e3o por gotejamento e piv\u00f4 central na produ\u00e7\u00e3o de milho. Descubra economia de custos, maior produtividade, efici\u00eancia h\u00eddrica e benef\u00edcios de sustentabilidade com a irriga\u00e7\u00e3o por gotejamento em \u00c9vora, Portugal.\",\"breadcrumb\":{\"@id\":\"https:\/\/pt.rivulis.com\/row-crops\/analise-de-custos\/#breadcrumb\"},\"inLanguage\":\"en-US\",\"potentialAction\":[{\"@type\":\"ReadAction\",\"target\":[\"https:\/\/pt.rivulis.com\/row-crops\/analise-de-custos\/\"]}]},{\"@type\":\"BreadcrumbList\",\"@id\":\"https:\/\/pt.rivulis.com\/row-crops\/analise-de-custos\/#breadcrumb\",\"itemListElement\":[{\"@type\":\"ListItem\",\"position\":1,\"name\":\"Home\",\"item\":\"https:\/\/pt.rivulis.com\/row-crops\/\"},{\"@type\":\"ListItem\",\"position\":2,\"name\":\"An\u00e1lise de custos\"}]},{\"@type\":\"WebSite\",\"@id\":\"https:\/\/pt.rivulis.com\/row-crops\/#website\",\"url\":\"https:\/\/pt.rivulis.com\/row-crops\/\",\"name\":\"rivulis\",\"description\":\"\",\"potentialAction\":[{\"@type\":\"SearchAction\",\"target\":{\"@type\":\"EntryPoint\",\"urlTemplate\":\"https:\/\/pt.rivulis.com\/row-crops\/?s={search_term_string}\"},\"query-input\":{\"@type\":\"PropertyValueSpecification\",\"valueRequired\":true,\"valueName\":\"search_term_string\"}}],\"inLanguage\":\"en-US\"}]}<\/script>\n<!-- \/ Yoast SEO plugin. -->","yoast_head_json":{"title":"Irriga\u00e7\u00e3o por gotejamento vs. piv\u00f4 central: an\u00e1lise de custo e efici\u00eancia na produ\u00e7\u00e3o de milho","description":"Compare os sistemas de irriga\u00e7\u00e3o por gotejamento e piv\u00f4 central na produ\u00e7\u00e3o de milho. Descubra economia de custos, maior produtividade, efici\u00eancia h\u00eddrica e benef\u00edcios de sustentabilidade com a irriga\u00e7\u00e3o por gotejamento em \u00c9vora, Portugal.","robots":{"index":"index","follow":"follow","max-snippet":"max-snippet:-1","max-image-preview":"max-image-preview:large","max-video-preview":"max-video-preview:-1"},"canonical":"https:\/\/pt.rivulis.com\/row-crops\/analise-de-custos\/","og_locale":"en_US","og_type":"article","og_title":"Irriga\u00e7\u00e3o por gotejamento vs. piv\u00f4 central: an\u00e1lise de custo e efici\u00eancia na produ\u00e7\u00e3o de milho","og_description":"Compare os sistemas de irriga\u00e7\u00e3o por gotejamento e piv\u00f4 central na produ\u00e7\u00e3o de milho. Descubra economia de custos, maior produtividade, efici\u00eancia h\u00eddrica e benef\u00edcios de sustentabilidade com a irriga\u00e7\u00e3o por gotejamento em \u00c9vora, Portugal.","og_url":"https:\/\/pt.rivulis.com\/row-crops\/analise-de-custos\/","og_site_name":"rivulis","article_modified_time":"2025-05-08T10:58:44+00:00","twitter_card":"summary_large_image","schema":{"@context":"https:\/\/schema.org","@graph":[{"@type":"WebPage","@id":"https:\/\/pt.rivulis.com\/row-crops\/analise-de-custos\/","url":"https:\/\/pt.rivulis.com\/row-crops\/analise-de-custos\/","name":"Irriga\u00e7\u00e3o por gotejamento vs. piv\u00f4 central: an\u00e1lise de custo e efici\u00eancia na produ\u00e7\u00e3o de milho","isPartOf":{"@id":"https:\/\/pt.rivulis.com\/row-crops\/#website"},"datePublished":"2025-03-24T17:19:37+00:00","dateModified":"2025-05-08T10:58:44+00:00","description":"Compare os sistemas de irriga\u00e7\u00e3o por gotejamento e piv\u00f4 central na produ\u00e7\u00e3o de milho. Descubra economia de custos, maior produtividade, efici\u00eancia h\u00eddrica e benef\u00edcios de sustentabilidade com a irriga\u00e7\u00e3o por gotejamento em \u00c9vora, Portugal.","breadcrumb":{"@id":"https:\/\/pt.rivulis.com\/row-crops\/analise-de-custos\/#breadcrumb"},"inLanguage":"en-US","potentialAction":[{"@type":"ReadAction","target":["https:\/\/pt.rivulis.com\/row-crops\/analise-de-custos\/"]}]},{"@type":"BreadcrumbList","@id":"https:\/\/pt.rivulis.com\/row-crops\/analise-de-custos\/#breadcrumb","itemListElement":[{"@type":"ListItem","position":1,"name":"Home","item":"https:\/\/pt.rivulis.com\/row-crops\/"},{"@type":"ListItem","position":2,"name":"An\u00e1lise de custos"}]},{"@type":"WebSite","@id":"https:\/\/pt.rivulis.com\/row-crops\/#website","url":"https:\/\/pt.rivulis.com\/row-crops\/","name":"rivulis","description":"","potentialAction":[{"@type":"SearchAction","target":{"@type":"EntryPoint","urlTemplate":"https:\/\/pt.rivulis.com\/row-crops\/?s={search_term_string}"},"query-input":{"@type":"PropertyValueSpecification","valueRequired":true,"valueName":"search_term_string"}}],"inLanguage":"en-US"}]}},"_links":{"self":[{"href":"https:\/\/pt.rivulis.com\/row-crops\/wp-json\/wp\/v2\/pages\/258","targetHints":{"allow":["GET"]}}],"collection":[{"href":"https:\/\/pt.rivulis.com\/row-crops\/wp-json\/wp\/v2\/pages"}],"about":[{"href":"https:\/\/pt.rivulis.com\/row-crops\/wp-json\/wp\/v2\/types\/page"}],"author":[{"embeddable":true,"href":"https:\/\/pt.rivulis.com\/row-crops\/wp-json\/wp\/v2\/users\/1"}],"replies":[{"embeddable":true,"href":"https:\/\/pt.rivulis.com\/row-crops\/wp-json\/wp\/v2\/comments?post=258"}],"version-history":[{"count":41,"href":"https:\/\/pt.rivulis.com\/row-crops\/wp-json\/wp\/v2\/pages\/258\/revisions"}],"predecessor-version":[{"id":871,"href":"https:\/\/pt.rivulis.com\/row-crops\/wp-json\/wp\/v2\/pages\/258\/revisions\/871"}],"wp:attachment":[{"href":"https:\/\/pt.rivulis.com\/row-crops\/wp-json\/wp\/v2\/media?parent=258"}],"curies":[{"name":"wp","href":"https:\/\/api.w.org\/{rel}","templated":true}]}}