{"id":413,"date":"2025-03-25T14:01:14","date_gmt":"2025-03-25T14:01:14","guid":{"rendered":"https:\/\/rivulisdev.co.il\/sdi\/?page_id=413"},"modified":"2025-04-26T11:00:25","modified_gmt":"2025-04-26T11:00:25","slug":"faq","status":"publish","type":"page","link":"https:\/\/pt.rivulis.com\/row-crops\/faq\/","title":{"rendered":"FAQ &#8211; Perguntas Frequentes"},"content":{"rendered":"","protected":false},"excerpt":{"rendered":"","protected":false},"author":1,"featured_media":0,"parent":0,"menu_order":0,"comment_status":"closed","ping_status":"closed","template":"page-templates\/faq.php","meta":{"_acf_changed":false,"footnotes":""},"class_list":["post-413","page","type-page","status-publish","hentry"],"acf":[],"yoast_head":"<!-- This site is optimized with the Yoast SEO plugin v25.5 - https:\/\/yoast.com\/wordpress\/plugins\/seo\/ -->\n<title>Efici\u00eancia H\u00eddrica e Benef\u00edcios dos Sistemas de Irriga\u00e7\u00e3o por Gotejamento \/ Piv\u00f4<\/title>\n<meta name=\"description\" content=\"Explore a efici\u00eancia dos sistemas de irriga\u00e7\u00e3o por gotejamento superficial e subsuperficial (SDI) em compara\u00e7\u00e3o com a irriga\u00e7\u00e3o por piv\u00f4. Saiba mais sobre economia de \u00e1gua, aumento de produtividade, an\u00e1lise de custos, efici\u00eancia de fertirriga\u00e7\u00e3o, controle de plantas daninhas e muito mais para uma produ\u00e7\u00e3o agr\u00edcola sustent\u00e1vel.\" \/>\n<meta name=\"robots\" content=\"index, follow, max-snippet:-1, max-image-preview:large, max-video-preview:-1\" \/>\n<link rel=\"canonical\" href=\"https:\/\/pt.rivulis.com\/row-crops\/faq\/\" \/>\n<meta property=\"og:locale\" content=\"en_US\" \/>\n<meta property=\"og:type\" content=\"article\" \/>\n<meta property=\"og:title\" content=\"Efici\u00eancia H\u00eddrica e Benef\u00edcios dos Sistemas de Irriga\u00e7\u00e3o por Gotejamento \/ Piv\u00f4\" \/>\n<meta property=\"og:description\" content=\"Explore a efici\u00eancia dos sistemas de irriga\u00e7\u00e3o por gotejamento superficial e subsuperficial (SDI) em compara\u00e7\u00e3o com a irriga\u00e7\u00e3o por piv\u00f4. Saiba mais sobre economia de \u00e1gua, aumento de produtividade, an\u00e1lise de custos, efici\u00eancia de fertirriga\u00e7\u00e3o, controle de plantas daninhas e muito mais para uma produ\u00e7\u00e3o agr\u00edcola sustent\u00e1vel.\" \/>\n<meta property=\"og:url\" content=\"https:\/\/pt.rivulis.com\/row-crops\/faq\/\" \/>\n<meta property=\"og:site_name\" content=\"rivulis\" \/>\n<meta property=\"article:modified_time\" content=\"2025-04-26T11:00:25+00:00\" \/>\n<meta name=\"twitter:card\" content=\"summary_large_image\" \/>\n<script type=\"application\/ld+json\" class=\"yoast-schema-graph\">{\"@context\":\"https:\/\/schema.org\",\"@graph\":[{\"@type\":\"WebPage\",\"@id\":\"https:\/\/pt.rivulis.com\/row-crops\/faq\/\",\"url\":\"https:\/\/pt.rivulis.com\/row-crops\/faq\/\",\"name\":\"Efici\u00eancia H\u00eddrica e Benef\u00edcios dos Sistemas de Irriga\u00e7\u00e3o por Gotejamento \/ Piv\u00f4\",\"isPartOf\":{\"@id\":\"https:\/\/pt.rivulis.com\/row-crops\/#website\"},\"datePublished\":\"2025-03-25T14:01:14+00:00\",\"dateModified\":\"2025-04-26T11:00:25+00:00\",\"description\":\"Explore a efici\u00eancia dos sistemas de irriga\u00e7\u00e3o por gotejamento superficial e subsuperficial (SDI) em compara\u00e7\u00e3o com a irriga\u00e7\u00e3o por piv\u00f4. Saiba mais sobre economia de \u00e1gua, aumento de produtividade, an\u00e1lise de custos, efici\u00eancia de fertirriga\u00e7\u00e3o, controle de plantas daninhas e muito mais para uma produ\u00e7\u00e3o agr\u00edcola sustent\u00e1vel.\",\"breadcrumb\":{\"@id\":\"https:\/\/pt.rivulis.com\/row-crops\/faq\/#breadcrumb\"},\"inLanguage\":\"en-US\",\"potentialAction\":[{\"@type\":\"ReadAction\",\"target\":[\"https:\/\/pt.rivulis.com\/row-crops\/faq\/\"]}]},{\"@type\":\"BreadcrumbList\",\"@id\":\"https:\/\/pt.rivulis.com\/row-crops\/faq\/#breadcrumb\",\"itemListElement\":[{\"@type\":\"ListItem\",\"position\":1,\"name\":\"Home\",\"item\":\"https:\/\/pt.rivulis.com\/row-crops\/\"},{\"@type\":\"ListItem\",\"position\":2,\"name\":\"FAQ &#8211; Perguntas Frequentes\"}]},{\"@type\":\"WebSite\",\"@id\":\"https:\/\/pt.rivulis.com\/row-crops\/#website\",\"url\":\"https:\/\/pt.rivulis.com\/row-crops\/\",\"name\":\"rivulis\",\"description\":\"\",\"potentialAction\":[{\"@type\":\"SearchAction\",\"target\":{\"@type\":\"EntryPoint\",\"urlTemplate\":\"https:\/\/pt.rivulis.com\/row-crops\/?s={search_term_string}\"},\"query-input\":{\"@type\":\"PropertyValueSpecification\",\"valueRequired\":true,\"valueName\":\"search_term_string\"}}],\"inLanguage\":\"en-US\"}]}<\/script>\n<!-- \/ Yoast SEO plugin. -->","yoast_head_json":{"title":"Efici\u00eancia H\u00eddrica e Benef\u00edcios dos Sistemas de Irriga\u00e7\u00e3o por Gotejamento \/ Piv\u00f4","description":"Explore a efici\u00eancia dos sistemas de irriga\u00e7\u00e3o por gotejamento superficial e subsuperficial (SDI) em compara\u00e7\u00e3o com a irriga\u00e7\u00e3o por piv\u00f4. Saiba mais sobre economia de \u00e1gua, aumento de produtividade, an\u00e1lise de custos, efici\u00eancia de fertirriga\u00e7\u00e3o, controle de plantas daninhas e muito mais para uma produ\u00e7\u00e3o agr\u00edcola sustent\u00e1vel.","robots":{"index":"index","follow":"follow","max-snippet":"max-snippet:-1","max-image-preview":"max-image-preview:large","max-video-preview":"max-video-preview:-1"},"canonical":"https:\/\/pt.rivulis.com\/row-crops\/faq\/","og_locale":"en_US","og_type":"article","og_title":"Efici\u00eancia H\u00eddrica e Benef\u00edcios dos Sistemas de Irriga\u00e7\u00e3o por Gotejamento \/ Piv\u00f4","og_description":"Explore a efici\u00eancia dos sistemas de irriga\u00e7\u00e3o por gotejamento superficial e subsuperficial (SDI) em compara\u00e7\u00e3o com a irriga\u00e7\u00e3o por piv\u00f4. Saiba mais sobre economia de \u00e1gua, aumento de produtividade, an\u00e1lise de custos, efici\u00eancia de fertirriga\u00e7\u00e3o, controle de plantas daninhas e muito mais para uma produ\u00e7\u00e3o agr\u00edcola sustent\u00e1vel.","og_url":"https:\/\/pt.rivulis.com\/row-crops\/faq\/","og_site_name":"rivulis","article_modified_time":"2025-04-26T11:00:25+00:00","twitter_card":"summary_large_image","schema":{"@context":"https:\/\/schema.org","@graph":[{"@type":"WebPage","@id":"https:\/\/pt.rivulis.com\/row-crops\/faq\/","url":"https:\/\/pt.rivulis.com\/row-crops\/faq\/","name":"Efici\u00eancia H\u00eddrica e Benef\u00edcios dos Sistemas de Irriga\u00e7\u00e3o por Gotejamento \/ Piv\u00f4","isPartOf":{"@id":"https:\/\/pt.rivulis.com\/row-crops\/#website"},"datePublished":"2025-03-25T14:01:14+00:00","dateModified":"2025-04-26T11:00:25+00:00","description":"Explore a efici\u00eancia dos sistemas de irriga\u00e7\u00e3o por gotejamento superficial e subsuperficial (SDI) em compara\u00e7\u00e3o com a irriga\u00e7\u00e3o por piv\u00f4. Saiba mais sobre economia de \u00e1gua, aumento de produtividade, an\u00e1lise de custos, efici\u00eancia de fertirriga\u00e7\u00e3o, controle de plantas daninhas e muito mais para uma produ\u00e7\u00e3o agr\u00edcola sustent\u00e1vel.","breadcrumb":{"@id":"https:\/\/pt.rivulis.com\/row-crops\/faq\/#breadcrumb"},"inLanguage":"en-US","potentialAction":[{"@type":"ReadAction","target":["https:\/\/pt.rivulis.com\/row-crops\/faq\/"]}]},{"@type":"BreadcrumbList","@id":"https:\/\/pt.rivulis.com\/row-crops\/faq\/#breadcrumb","itemListElement":[{"@type":"ListItem","position":1,"name":"Home","item":"https:\/\/pt.rivulis.com\/row-crops\/"},{"@type":"ListItem","position":2,"name":"FAQ &#8211; Perguntas Frequentes"}]},{"@type":"WebSite","@id":"https:\/\/pt.rivulis.com\/row-crops\/#website","url":"https:\/\/pt.rivulis.com\/row-crops\/","name":"rivulis","description":"","potentialAction":[{"@type":"SearchAction","target":{"@type":"EntryPoint","urlTemplate":"https:\/\/pt.rivulis.com\/row-crops\/?s={search_term_string}"},"query-input":{"@type":"PropertyValueSpecification","valueRequired":true,"valueName":"search_term_string"}}],"inLanguage":"en-US"}]}},"_links":{"self":[{"href":"https:\/\/pt.rivulis.com\/row-crops\/wp-json\/wp\/v2\/pages\/413","targetHints":{"allow":["GET"]}}],"collection":[{"href":"https:\/\/pt.rivulis.com\/row-crops\/wp-json\/wp\/v2\/pages"}],"about":[{"href":"https:\/\/pt.rivulis.com\/row-crops\/wp-json\/wp\/v2\/types\/page"}],"author":[{"embeddable":true,"href":"https:\/\/pt.rivulis.com\/row-crops\/wp-json\/wp\/v2\/users\/1"}],"replies":[{"embeddable":true,"href":"https:\/\/pt.rivulis.com\/row-crops\/wp-json\/wp\/v2\/comments?post=413"}],"version-history":[{"count":13,"href":"https:\/\/pt.rivulis.com\/row-crops\/wp-json\/wp\/v2\/pages\/413\/revisions"}],"predecessor-version":[{"id":849,"href":"https:\/\/pt.rivulis.com\/row-crops\/wp-json\/wp\/v2\/pages\/413\/revisions\/849"}],"wp:attachment":[{"href":"https:\/\/pt.rivulis.com\/row-crops\/wp-json\/wp\/v2\/media?parent=413"}],"curies":[{"name":"wp","href":"https:\/\/api.w.org\/{rel}","templated":true}]}}