{"id":690,"date":"2025-04-11T10:55:01","date_gmt":"2025-04-11T10:55:01","guid":{"rendered":"https:\/\/rivulisdev.co.il\/sdi\/?page_id=690"},"modified":"2025-05-07T18:15:44","modified_gmt":"2025-05-07T18:15:44","slug":"artigos","status":"publish","type":"page","link":"https:\/\/pt.rivulis.com\/row-crops\/artigos\/","title":{"rendered":"Artigos"},"content":{"rendered":"","protected":false},"excerpt":{"rendered":"","protected":false},"author":1,"featured_media":0,"parent":0,"menu_order":0,"comment_status":"closed","ping_status":"closed","template":"page-templates\/lobby.php","meta":{"_acf_changed":false,"footnotes":""},"class_list":["post-690","page","type-page","status-publish","hentry"],"acf":[],"yoast_head":"<!-- This site is optimized with the Yoast SEO plugin v25.5 - https:\/\/yoast.com\/wordpress\/plugins\/seo\/ -->\n<title>Artigos sobre Gotejamento em Cultivos em Linha<\/title>\n<meta name=\"description\" content=\"Confira conte\u00fados sobre quando o gotejamento pode se adequar ao seu cultivo, dependendo das condi\u00e7\u00f5es da fazenda.\" \/>\n<meta name=\"robots\" content=\"index, follow, max-snippet:-1, max-image-preview:large, max-video-preview:-1\" \/>\n<link rel=\"canonical\" href=\"https:\/\/pt.rivulis.com\/row-crops\/artigos\/\" \/>\n<meta property=\"og:locale\" content=\"en_US\" \/>\n<meta property=\"og:type\" content=\"article\" \/>\n<meta property=\"og:title\" content=\"Artigos sobre Gotejamento em Cultivos em Linha\" \/>\n<meta property=\"og:description\" content=\"Confira conte\u00fados sobre quando o gotejamento pode se adequar ao seu cultivo, dependendo das condi\u00e7\u00f5es da fazenda.\" \/>\n<meta property=\"og:url\" content=\"https:\/\/pt.rivulis.com\/row-crops\/artigos\/\" \/>\n<meta property=\"og:site_name\" content=\"rivulis\" \/>\n<meta property=\"article:modified_time\" content=\"2025-05-07T18:15:44+00:00\" \/>\n<meta name=\"twitter:card\" content=\"summary_large_image\" \/>\n<script type=\"application\/ld+json\" class=\"yoast-schema-graph\">{\"@context\":\"https:\/\/schema.org\",\"@graph\":[{\"@type\":\"WebPage\",\"@id\":\"https:\/\/pt.rivulis.com\/row-crops\/artigos\/\",\"url\":\"https:\/\/pt.rivulis.com\/row-crops\/artigos\/\",\"name\":\"Artigos sobre Gotejamento em Cultivos em Linha\",\"isPartOf\":{\"@id\":\"https:\/\/pt.rivulis.com\/row-crops\/#website\"},\"datePublished\":\"2025-04-11T10:55:01+00:00\",\"dateModified\":\"2025-05-07T18:15:44+00:00\",\"description\":\"Confira conte\u00fados sobre quando o gotejamento pode se adequar ao seu cultivo, dependendo das condi\u00e7\u00f5es da fazenda.\",\"breadcrumb\":{\"@id\":\"https:\/\/pt.rivulis.com\/row-crops\/artigos\/#breadcrumb\"},\"inLanguage\":\"en-US\",\"potentialAction\":[{\"@type\":\"ReadAction\",\"target\":[\"https:\/\/pt.rivulis.com\/row-crops\/artigos\/\"]}]},{\"@type\":\"BreadcrumbList\",\"@id\":\"https:\/\/pt.rivulis.com\/row-crops\/artigos\/#breadcrumb\",\"itemListElement\":[{\"@type\":\"ListItem\",\"position\":1,\"name\":\"Home\",\"item\":\"https:\/\/pt.rivulis.com\/row-crops\/\"},{\"@type\":\"ListItem\",\"position\":2,\"name\":\"Artigos\"}]},{\"@type\":\"WebSite\",\"@id\":\"https:\/\/pt.rivulis.com\/row-crops\/#website\",\"url\":\"https:\/\/pt.rivulis.com\/row-crops\/\",\"name\":\"rivulis\",\"description\":\"\",\"potentialAction\":[{\"@type\":\"SearchAction\",\"target\":{\"@type\":\"EntryPoint\",\"urlTemplate\":\"https:\/\/pt.rivulis.com\/row-crops\/?s={search_term_string}\"},\"query-input\":{\"@type\":\"PropertyValueSpecification\",\"valueRequired\":true,\"valueName\":\"search_term_string\"}}],\"inLanguage\":\"en-US\"}]}<\/script>\n<!-- \/ Yoast SEO plugin. -->","yoast_head_json":{"title":"Artigos sobre Gotejamento em Cultivos em Linha","description":"Confira conte\u00fados sobre quando o gotejamento pode se adequar ao seu cultivo, dependendo das condi\u00e7\u00f5es da fazenda.","robots":{"index":"index","follow":"follow","max-snippet":"max-snippet:-1","max-image-preview":"max-image-preview:large","max-video-preview":"max-video-preview:-1"},"canonical":"https:\/\/pt.rivulis.com\/row-crops\/artigos\/","og_locale":"en_US","og_type":"article","og_title":"Artigos sobre Gotejamento em Cultivos em Linha","og_description":"Confira conte\u00fados sobre quando o gotejamento pode se adequar ao seu cultivo, dependendo das condi\u00e7\u00f5es da fazenda.","og_url":"https:\/\/pt.rivulis.com\/row-crops\/artigos\/","og_site_name":"rivulis","article_modified_time":"2025-05-07T18:15:44+00:00","twitter_card":"summary_large_image","schema":{"@context":"https:\/\/schema.org","@graph":[{"@type":"WebPage","@id":"https:\/\/pt.rivulis.com\/row-crops\/artigos\/","url":"https:\/\/pt.rivulis.com\/row-crops\/artigos\/","name":"Artigos sobre Gotejamento em Cultivos em Linha","isPartOf":{"@id":"https:\/\/pt.rivulis.com\/row-crops\/#website"},"datePublished":"2025-04-11T10:55:01+00:00","dateModified":"2025-05-07T18:15:44+00:00","description":"Confira conte\u00fados sobre quando o gotejamento pode se adequar ao seu cultivo, dependendo das condi\u00e7\u00f5es da fazenda.","breadcrumb":{"@id":"https:\/\/pt.rivulis.com\/row-crops\/artigos\/#breadcrumb"},"inLanguage":"en-US","potentialAction":[{"@type":"ReadAction","target":["https:\/\/pt.rivulis.com\/row-crops\/artigos\/"]}]},{"@type":"BreadcrumbList","@id":"https:\/\/pt.rivulis.com\/row-crops\/artigos\/#breadcrumb","itemListElement":[{"@type":"ListItem","position":1,"name":"Home","item":"https:\/\/pt.rivulis.com\/row-crops\/"},{"@type":"ListItem","position":2,"name":"Artigos"}]},{"@type":"WebSite","@id":"https:\/\/pt.rivulis.com\/row-crops\/#website","url":"https:\/\/pt.rivulis.com\/row-crops\/","name":"rivulis","description":"","potentialAction":[{"@type":"SearchAction","target":{"@type":"EntryPoint","urlTemplate":"https:\/\/pt.rivulis.com\/row-crops\/?s={search_term_string}"},"query-input":{"@type":"PropertyValueSpecification","valueRequired":true,"valueName":"search_term_string"}}],"inLanguage":"en-US"}]}},"_links":{"self":[{"href":"https:\/\/pt.rivulis.com\/row-crops\/wp-json\/wp\/v2\/pages\/690","targetHints":{"allow":["GET"]}}],"collection":[{"href":"https:\/\/pt.rivulis.com\/row-crops\/wp-json\/wp\/v2\/pages"}],"about":[{"href":"https:\/\/pt.rivulis.com\/row-crops\/wp-json\/wp\/v2\/types\/page"}],"author":[{"embeddable":true,"href":"https:\/\/pt.rivulis.com\/row-crops\/wp-json\/wp\/v2\/users\/1"}],"replies":[{"embeddable":true,"href":"https:\/\/pt.rivulis.com\/row-crops\/wp-json\/wp\/v2\/comments?post=690"}],"version-history":[{"count":4,"href":"https:\/\/pt.rivulis.com\/row-crops\/wp-json\/wp\/v2\/pages\/690\/revisions"}],"predecessor-version":[{"id":848,"href":"https:\/\/pt.rivulis.com\/row-crops\/wp-json\/wp\/v2\/pages\/690\/revisions\/848"}],"wp:attachment":[{"href":"https:\/\/pt.rivulis.com\/row-crops\/wp-json\/wp\/v2\/media?parent=690"}],"curies":[{"name":"wp","href":"https:\/\/api.w.org\/{rel}","templated":true}]}}